{"id":835,"date":"2021-04-24T17:10:18","date_gmt":"2021-04-24T15:10:18","guid":{"rendered":"http:\/\/135.181.198.186\/?page_id=6"},"modified":"2021-04-24T17:10:18","modified_gmt":"2021-04-24T15:10:18","slug":"ueber-uns","status":"publish","type":"page","link":"https:\/\/twitteducation.com\/wim\/ueber-uns\/","title":{"rendered":"\u00dcber uns"},"content":{"rendered":"\n<div style=\"height:100px\" aria-hidden=\"true\" class=\"wp-block-spacer\"><\/div>\n\n\n\n<div class=\"wp-block-columns is-layout-flex wp-container-core-columns-is-layout-9d6595d7 wp-block-columns-is-layout-flex\">\n<div class=\"wp-block-column is-layout-flow wp-block-column-is-layout-flow\" style=\"flex-basis:10%\"><\/div>\n\n\n\n<div class=\"wp-block-column is-layout-flow wp-block-column-is-layout-flow\">\n<p class=\"has-medium-font-size\">Wir haben uns beim campact Hackathon im M\u00e4rz 2021 kennengelernt. Unsere Gruppe will das Wissen zum Klimawandel von Politiker:innen und Kandidat:innen zur Bundestagswahl 2021 hinterfragen. In unserer Gruppe sind bis jetzt vor allem Techniker, Wissenschaftler und weitere klima-kompetente Menschen. Wir waren sofort auf gleicher Wellenl\u00e4nge und obwohl wir uns beim Hackathon  erst kennenlernten, haben wir sofort sehr konstruktiv miteinander gearbeitet. Mitglieder sind:<\/p>\n\n\n\n<ul class=\"wp-block-list\"><li>Lisa H\u00e4ndler <a rel=\"noreferrer noopener\" href=\"mailto:lisahaendler@posteo.de\" target=\"_blank\">lisahaendler@posteo.de<\/a> &#8211; Fakten\/Fragen<\/li><li>Christophe Claude <a rel=\"noreferrer noopener\" href=\"mailto:christophe.claude@googlemail.com\" target=\"_blank\">christophe.claude@googlemail.com<\/a> &#8211; Programmierung\/Webseite<\/li><li>Berthold Bungard <a rel=\"noreferrer noopener\" target=\"_blank\" href=\"mailto:bgbungard@t-online.de\">bgbungard@t-online.de<\/a> &#8211; Qualit\u00e4tssicherung<\/li><li>Thomas Balmert &#8211; Twitter Guru<\/li><li>Torben Klink &#8211; Fakten\/Fragen<\/li><li>Peter B Heim &#8211; Texte<\/li><\/ul>\n\n\n\n<div style=\"height:30px\" aria-hidden=\"true\" class=\"wp-block-spacer\"><\/div>\n\n\n\n<div class=\"wp-block-columns is-layout-flex wp-container-core-columns-is-layout-9d6595d7 wp-block-columns-is-layout-flex\">\n<div class=\"wp-block-column is-layout-flow wp-block-column-is-layout-flow\" style=\"flex-basis:7%\">\n<figure class=\"wp-block-image size-large is-resized\"><img decoding=\"async\" src=\"https:\/\/twitteducation.com\/wp-content\/uploads\/2021\/05\/cropped-BAGSlogoUntenText.png\" alt=\"\" class=\"wp-image-814\" width=\"75\" height=\"75\" srcset=\"https:\/\/twitteducation.com\/wim\/wp-content\/uploads\/sites\/2\/2021\/05\/cropped-BAGSlogoUntenText.png 250w, https:\/\/twitteducation.com\/wim\/wp-content\/uploads\/sites\/2\/2021\/05\/cropped-BAGSlogoUntenText-150x150.png 150w\" sizes=\"(max-width: 75px) 100vw, 75px\" \/><\/figure>\n<\/div>\n\n\n\n<div class=\"wp-block-column is-layout-flow wp-block-column-is-layout-flow\" style=\"flex-basis:80%\">\n<p>Die Aktion l\u00e4uft unter der Schirmherrschaft von <a rel=\"noreferrer noopener\" href=\"https:\/\/www.bags-ev.de\/www\/\" target=\"_blank\">BAGS E.V. Bildungsarbeit Global Sozial<\/a><\/p>\n<\/div>\n\n\n\n<div class=\"wp-block-column is-layout-flow wp-block-column-is-layout-flow\" style=\"flex-basis:25%\"><\/div>\n<\/div>\n\n\n\n<div style=\"height:30px\" aria-hidden=\"true\" class=\"wp-block-spacer\"><\/div>\n\n\n\n<h2 class=\"wp-block-heading\">Webseite mit Klima Fakten<\/h2>\n\n\n\n<ul class=\"wp-block-list\"><li><a rel=\"noreferrer noopener\" href=\"https:\/\/www.klimafakten.de\" target=\"_blank\" data-type=\"URL\" data-id=\"https:\/\/www.klimafakten.de\">Klimafakten.de<\/a> &#8211; zuverl\u00e4ssige Fakten zum Klimawandel und seinen Folgen und zeigt, wie man dar\u00fcber ins Gespr\u00e4ch kommt.<\/li><li><a rel=\"noreferrer noopener\" href=\"https:\/\/climatescience.org\/de\/\" target=\"_blank\">https:\/\/climatescience.org\/de<\/a> &#8211; sehr viele Infos, auch in Form von Fragen\/Quiz.<\/li><li><a rel=\"noreferrer noopener\" href=\"https:\/\/www.climatewatchdata.org\/\" target=\"_blank\">https:\/\/www.climatewatchdata.org<\/a> &#8211; Climate Watch offers open data, visualizations and analysis to help policymakers, researchers and other stakeholders gather insights on countries&#8217; climate progress.<\/li><li><a rel=\"noreferrer noopener\" href=\"https:\/\/energy-charts.info\" target=\"_blank\">https:\/\/energy-charts.info<\/a><\/li><li><a rel=\"noreferrer noopener\" href=\"https:\/\/www.electricitymap.org\/map\" target=\"_blank\">https:\/\/www.electricitymap.org\/map<\/a><\/li><li><a rel=\"noreferrer noopener\" href=\"http:\/\/polarportal.dk\/en\/home\" target=\"_blank\">http:\/\/polarportal.dk<\/a> insbesondere <a rel=\"noreferrer noopener\" href=\"http:\/\/polarportal.dk\/en\/greenland\/mass-and-height-change\/\" target=\"_blank\">http:\/\/polarportal.dk\/en\/greenland\/mass-and-height-change<\/a>.<\/li><li><a rel=\"noreferrer noopener\" href=\"https:\/\/worldoceanreview.com\/de\/\" target=\"_blank\">World Ocean Review<\/a> &#8211; einzigartige Publikation \u00fcber den Zustand unserer Meere, spiegelt den aktuellen Stand der Wissenschaft wider.<\/li><li><a rel=\"noreferrer noopener\" href=\"https:\/\/www.klimawandel-buch.de\/\" target=\"_blank\">Klimwandel-Buch<\/a>  &#8211; Zwei Studenten erkl\u00e4ren mit kurzen Texten, anschaulichen Grafiken und der Unterst\u00fctzung von \u00fcber 100 Wissenschaftlern die Ursachen und Folgen des Klimawandels<\/li><li><a rel=\"noreferrer noopener\" href=\"https:\/\/www.ipcc.ch\/\" target=\"_blank\">IPCC (Weltklimarat)<\/a> insbesondere <a rel=\"noreferrer noopener\" href=\"https:\/\/www.de-ipcc.de\/119.php\" target=\"_blank\">Deutsche Koordinierungsstelle<\/a> und <a rel=\"noreferrer noopener\" href=\"https:\/\/www.ipcc.ch\/reports\/?rp=ar5\" target=\"_blank\">F\u00fcnfter Sachstandsbericht des Weltklimarats (IPCC)<\/a><\/li><li><a rel=\"noreferrer noopener\" href=\"https:\/\/showyourstripes.info\" target=\"_blank\">https:\/\/showyourstripes.info<\/a> &#8211; visual representations of the change in temperature as measured in each country over the past 100+ years<\/li><li><a href=\"https:\/\/climateactiontracker.org\" target=\"_blank\" rel=\"noreferrer noopener\">https:\/\/climateactiontracker.org<\/a> &#8211; The Climate Action Tracker is an independent scientific analysis that tracks government climate action and measures it against the globally agreed Paris Agreement<\/li><\/ul>\n\n\n\n<h2 class=\"has-medium-font-size wp-block-heading\">Webseite mit Aktionen, inkl. Bundeswahl spezifisch<\/h2>\n\n\n\n<ul class=\"wp-block-list\" id=\"block-a11a6c31-bfcd-484c-a06e-a1a436e26c9c\"><li><a rel=\"noreferrer noopener\" href=\"https:\/\/kkwerkstatt.vonsabine.de\/\" target=\"_blank\">Klima-Kommunikations-Werkstatt<\/a>  &#8211; Kollaborations-Plattform zur Erstellung von KURZEN fundierten Artikeln, Texten, Bildern, Flugbl\u00e4ttern, Postern, Aufklebern, Grafiken rund um Klimawandel, als Entscheidungs- und Argumentationshilfen. Alles auch zum Download f\u00fcr Aktionen.<\/li><li><a rel=\"noreferrer noopener\" href=\"https:\/\/energiewende.eu\/kurzinfos\/\" target=\"_blank\">Kurzinformationen zu Klimawandel, Energiewende, Verkehrswende, Agrarwende und Bauwende<\/a>  &#8211; Unterst\u00fctzung f\u00fcr jeden Interessierten, die\u00a0<strong>korrekten Fakten knapp und verst\u00e4ndlich aufbereitet<\/strong>\u00a0zu konsumieren und zu verbreiten.<\/li><li><a rel=\"noreferrer noopener\" href=\"https:\/\/schoolsforfuture.net\/de\/\" target=\"_blank\">Schools For Future<\/a> &#8211; Wissen \u00fcber die Klimakatastrophe in allen Schulen st\u00e4rken.<\/li><li><a rel=\"noreferrer noopener\" href=\"https:\/\/waehlbar2021.de\" target=\"_blank\">https:\/\/waehlbar2021.de<\/a> &#8211; Bundestagskandidat*innen auf dem Klimapr\u00fcfstand<\/li><li><a rel=\"noreferrer noopener\" href=\"https:\/\/spielregelnfuersklima.de\" target=\"_blank\">https:\/\/spielregelnfuersklima.de<\/a> &#8211; Ein Projekt des CO2 Abgabe e.V. im Rahmen der Initiative #w\u00e4hlbar2021<\/li><li><a rel=\"noreferrer noopener\" href=\"https:\/\/politpostulate.de\/\" target=\"_blank\">https:\/\/politpostulate.de<\/a> &#8211; Postkarten, die Wahlergebnisse \u00e4ndern.<\/li><li><a rel=\"noreferrer noopener\" href=\"https:\/\/www.klimawandel-gesundheit.de\/\" target=\"_blank\">https:\/\/www.klimawandel-gesundheit.de<\/a> &#8211; gemeinsam handeln f\u00fcr Klima und Gesundheit<\/li><li><a rel=\"noreferrer noopener\" href=\"https:\/\/www.umweltrat.de\/\" target=\"_blank\">Sachverst\u00e4ndigenrat f\u00fcr Umweltfragen<\/a> &#8211; SRU ber\u00e4t seit 1972 die Bundesregierung und ist damit eine der \u00e4ltesten Institutionen wissenschaftlicher Beratung f\u00fcr die deutsche Umweltpolitik.\u00a0<\/li><li><a rel=\"noreferrer noopener\" href=\"https:\/\/gesetzesspiel.germanzero.de\" target=\"_blank\">https:\/\/gesetzesspiel.germanzero.de<\/a><\/li><li><a rel=\"noreferrer noopener\" href=\"https:\/\/klimavoracht.de\" target=\"_blank\">https:\/\/klimavoracht.de<\/a><\/li><li><a rel=\"noreferrer noopener\" href=\"https:\/\/www.abgeordnetenwatch.de\/\" target=\"_blank\">https:\/\/www.abgeordnetenwatch.de<\/a> oder <a rel=\"noreferrer noopener\" href=\"https:\/\/fragdenstaat.de\" target=\"_blank\">https:\/\/fragdenstaat.de<\/a> &#8211; &#8220;Stellen Sie Ihre Fragen an Abgeordnete und Kandidierende, informieren Sie sich \u00fcber Abstimmungsverhalten und Nebent\u00e4tigkeiten.&#8221;<\/li><li><a rel=\"noreferrer noopener\" href=\"https:\/\/twitter.com\/i\/lists\/912241909002833921\" target=\"_blank\">Alle twitternden Abgeordneten aus dem Deutschen Bundestag<\/a>. &#8211; Basis f\u00fcr die Twiterliste der Aktion.<\/li><li><a rel=\"noreferrer noopener\" href=\"https:\/\/mdb.pollytix.de\/\" target=\"_blank\">https:\/\/mdb.pollytix.de\/<\/a><\/li><li><a href=\"https:\/\/www.zerowaste-germany.com\/\">https:\/\/www.zerowaste-germany.com\/ <\/a><\/li><\/ul>\n\n\n\n<p><\/p>\n<\/div>\n\n\n\n<div class=\"wp-block-column is-layout-flow wp-block-column-is-layout-flow\" style=\"flex-basis:10%\"><\/div>\n<\/div>\n","protected":false},"excerpt":{"rendered":"<p>Wir haben uns beim campact Hackathon im M\u00e4rz 2021 kennengelernt. Unsere Gruppe will das Wissen zum Klimawandel von Politiker:innen und Kandidat:innen zur Bundestagswahl 2021 hinterfragen. In unserer Gruppe sind bis jetzt vor allem Techniker, Wissenschaftler und weitere klima-kompetente Menschen. Wir waren sofort auf gleicher Wellenl\u00e4nge und obwohl wir uns beim Hackathon erst kennenlernten, haben wir [&hellip;]<\/p>\n","protected":false},"author":1,"featured_media":0,"parent":0,"menu_order":0,"comment_status":"closed","ping_status":"closed","template":"","meta":{"ocean_post_layout":"","ocean_both_sidebars_style":"","ocean_both_sidebars_content_width":0,"ocean_both_sidebars_sidebars_width":0,"ocean_sidebar":"0","ocean_second_sidebar":"0","ocean_disable_margins":"enable","ocean_add_body_class":"","ocean_shortcode_before_top_bar":"","ocean_shortcode_after_top_bar":"","ocean_shortcode_before_header":"","ocean_shortcode_after_header":"","ocean_has_shortcode":"","ocean_shortcode_after_title":"","ocean_shortcode_before_footer_widgets":"","ocean_shortcode_after_footer_widgets":"","ocean_shortcode_before_footer_bottom":"","ocean_shortcode_after_footer_bottom":"","ocean_display_top_bar":"default","ocean_display_header":"default","ocean_header_style":"","ocean_center_header_left_menu":"0","ocean_custom_header_template":"0","ocean_custom_logo":0,"ocean_custom_retina_logo":0,"ocean_custom_logo_max_width":0,"ocean_custom_logo_tablet_max_width":0,"ocean_custom_logo_mobile_max_width":0,"ocean_custom_logo_max_height":0,"ocean_custom_logo_tablet_max_height":0,"ocean_custom_logo_mobile_max_height":0,"ocean_header_custom_menu":"0","ocean_menu_typo_font_family":"0","ocean_menu_typo_font_subset":"","ocean_menu_typo_font_size":0,"ocean_menu_typo_font_size_tablet":0,"ocean_menu_typo_font_size_mobile":0,"ocean_menu_typo_font_size_unit":"px","ocean_menu_typo_font_weight":"","ocean_menu_typo_font_weight_tablet":"","ocean_menu_typo_font_weight_mobile":"","ocean_menu_typo_transform":"","ocean_menu_typo_transform_tablet":"","ocean_menu_typo_transform_mobile":"","ocean_menu_typo_line_height":0,"ocean_menu_typo_line_height_tablet":0,"ocean_menu_typo_line_height_mobile":0,"ocean_menu_typo_line_height_unit":"","ocean_menu_typo_spacing":0,"ocean_menu_typo_spacing_tablet":0,"ocean_menu_typo_spacing_mobile":0,"ocean_menu_typo_spacing_unit":"","ocean_menu_link_color":"","ocean_menu_link_color_hover":"","ocean_menu_link_color_active":"","ocean_menu_link_background":"","ocean_menu_link_hover_background":"","ocean_menu_link_active_background":"","ocean_menu_social_links_bg":"","ocean_menu_social_hover_links_bg":"","ocean_menu_social_links_color":"","ocean_menu_social_hover_links_color":"","ocean_disable_title":"default","ocean_disable_heading":"default","ocean_post_title":"","ocean_post_subheading":"","ocean_post_title_style":"","ocean_post_title_background_color":"","ocean_post_title_background":0,"ocean_post_title_bg_image_position":"","ocean_post_title_bg_image_attachment":"","ocean_post_title_bg_image_repeat":"","ocean_post_title_bg_image_size":"","ocean_post_title_height":0,"ocean_post_title_bg_overlay":0.5,"ocean_post_title_bg_overlay_color":"","ocean_disable_breadcrumbs":"default","ocean_breadcrumbs_color":"","ocean_breadcrumbs_separator_color":"","ocean_breadcrumbs_links_color":"","ocean_breadcrumbs_links_hover_color":"","ocean_display_footer_widgets":"default","ocean_display_footer_bottom":"default","ocean_custom_footer_template":"0","footnotes":""},"class_list":["post-835","page","type-page","status-publish","hentry","entry"],"_links":{"self":[{"href":"https:\/\/twitteducation.com\/wim\/wp-json\/wp\/v2\/pages\/835","targetHints":{"allow":["GET"]}}],"collection":[{"href":"https:\/\/twitteducation.com\/wim\/wp-json\/wp\/v2\/pages"}],"about":[{"href":"https:\/\/twitteducation.com\/wim\/wp-json\/wp\/v2\/types\/page"}],"author":[{"embeddable":true,"href":"https:\/\/twitteducation.com\/wim\/wp-json\/wp\/v2\/users\/1"}],"replies":[{"embeddable":true,"href":"https:\/\/twitteducation.com\/wim\/wp-json\/wp\/v2\/comments?post=835"}],"version-history":[{"count":0,"href":"https:\/\/twitteducation.com\/wim\/wp-json\/wp\/v2\/pages\/835\/revisions"}],"wp:attachment":[{"href":"https:\/\/twitteducation.com\/wim\/wp-json\/wp\/v2\/media?parent=835"}],"curies":[{"name":"wp","href":"https:\/\/api.w.org\/{rel}","templated":true}]}}