{"id":574,"date":"2021-05-07T18:55:09","date_gmt":"2021-05-07T16:55:09","guid":{"rendered":"http:\/\/twitteducation.com\/?page_id=574"},"modified":"2021-05-07T18:55:09","modified_gmt":"2021-05-07T16:55:09","slug":"fakten","status":"publish","type":"page","link":"https:\/\/twitteducation.com\/wim\/fakten\/","title":{"rendered":"Fakten"},"content":{"rendered":"\n<div style=\"height:100px\" aria-hidden=\"true\" class=\"wp-block-spacer\"><\/div>\n\n\n\n<div class=\"wp-block-columns is-layout-flex wp-container-core-columns-is-layout-9d6595d7 wp-block-columns-is-layout-flex\">\n<div class=\"wp-block-column is-layout-flow wp-block-column-is-layout-flow\" style=\"flex-basis:5%\"><\/div>\n\n\n\n<div class=\"wp-block-column is-layout-flow wp-block-column-is-layout-flow\">\n<p class=\"has-medium-font-size\">Ist es das erste Mal, dass Sie mit uns spielen? Vergessen Sie nicht die vergangenen Fragen hier: <a rel=\"noreferrer noopener\" href=\"https:\/\/twitter.com\/WissenistMach10\" target=\"_blank\">https:\/\/twitter.com\/WissenistMach10<\/a> zu beantworten, damit zeigen Sie Interesse f\u00fcr das Klima-Thema.<\/p>\n\n\n\n<p class=\"has-medium-font-size\">Suchen Sie nach anderen M\u00f6glichkeiten, um den Klimawandel l\u00f6sungsorientiert in der Politik zu thematisieren? <a rel=\"noreferrer noopener\" href=\"https:\/\/waehlbar2021.de\/\" target=\"_blank\">Schauen Sie auf w\u00e4hlbar2021.de<\/a><\/p>\n\n\n<style>table.wpda-datatable thead th,\r\ntable.wpda-datatable tfoot th,\r\ntable.wpda-datatable tbody td {\r\n\tpadding: 5px !important;\r\n}\r\n\r\ntable.dataTable.dtr-inline.collapsed > tbody > tr[role=\"row\"] > td:first-child, \r\ntable.dataTable.dtr-inline.collapsed > tbody > tr[role=\"row\"] > th:first-child {\r\n\tpadding-left: 25px !important;\r\n}\r\n\r\ntable.dataTable.dtr-inline.collapsed > tbody > tr[role=\"row\"] > td:first-child::before, \r\ntable.dataTable.dtr-inline.collapsed > tbody > tr[role=\"row\"] > th:first-child::before {\r\n\tpadding: 0 !important;\r\n}\r\n<\/style>\n\n\n<style>div.dataTables_wrapper * {\n\tcolor: #23282d !important;\n}\n\ndiv.dataTables_wrapper select,\ndiv.dataTables_wrapper input,\ndiv.dataTables_wrapper .dataTables_paginate .paginate_button {\n\tcolor: #23282d !important;\n\tbackground: #e5e5e5 !important;\n\tborder: 1px solid #23282d !important;\n}\n\ndiv.dataTables_wrapper .dataTables_paginate .paginate_button:hover {\n\tcolor: #23282d !important;\n\tbackground: #fff !important;\n\tborder: 1px solid #23282d !important;\n}\n\ndiv.dataTables_wrapper .dataTables_paginate .paginate_button.current,\ndiv.dataTables_wrapper .dataTables_paginate .paginate_button.disabled {\n\tcolor: #23282d !important;\n\tbackground: transparent !important;\n\tborder: none !important;\n}\n\ndiv.dataTables_wrapper .dataTables_paginate .paginate_button.current:hover,\ndiv.dataTables_wrapper .dataTables_paginate .paginate_button.disabled:hover {\n\tcolor: #23282d !important;\n\tbackground: transparent !important;\n\tborder: none !important;\n}\n\ntable.wpda-datatable {\n\tbackground: #23282d !important;\n\tborder: 1px solid #23282d !important;\n}\n\ntable.wpda-datatable thead th,\ntable.wpda-datatable tfoot th {\n\tbackground-color: transparent !important;\n\tcolor: white !important;\n\tborder: none !important;\n}\n\ntable.wpda-datatable tbody {\n\tbackground: white !important;\n\tborder: none !important;\n}\n\ntable.wpda-datatable tbody tr:nth-child(2n+1) {\n\tbackground-color: #e5e5e5;\n}\n\ndiv.dtr-modal-content {\n\tbackground: #e5e5e5;\n\tcolor: #23282d !important;\n}\n\ndiv.dtr-modal-content h2 {\n\tcolor: #23282d !important;\n}\n\ninput.dtr-modal-close {\n    background: #e5e5e5 !important;\n\tcolor: #23282d !important;\n\tborder: 1px solid white !important;\n}\n\ninput.dtr-modal-close:hover {\n    background: white !important;\n}\n\nbutton.wpda_more_button {\n\tbackground: #23282d;\n\tborder: 1px solid #23282d;\n\tcolor: #fff !important;\n}\n\ntable.dataTable.dtr-inline.collapsed > tbody > tr[role=\"row\"] > td:first-child::before, \ntable.dataTable.dtr-inline.collapsed > tbody > tr[role=\"row\"] > th:first-child::before {\n\tbackground-color: #23282d !important;\n}<\/style>\n\n\n<style>table.wpda-datatable {\r\n\tborder-radius: 10px !important;\r\n\r\n}\r\n\r\ndiv.dataTables_wrapper select,\r\ndiv.dataTables_wrapper input,\r\ndiv.dataTables_wrapper .dataTables_paginate .paginate_button,\r\nbutton.dt-button {\r\n\tborder-radius: 5px !important;\r\n}\r\n\r\ntable.wpda-datatable thead th,\r\ntable.wpda-datatable tfoot th {\r\n\tborder: none !important;\r\n}\r\n\r\ntable.wpda-datatable tbody td {\r\n\tborder: none !important;\r\n}\r\n\r\nbutton.wpda_more_button {\r\n\tborder-radius: 5px !important;\r\n}<\/style>\n\n\n\n\t\t\t\t<style>\n\t\t\t\t\t#wim_facts1.dataTable.wpda-datatable.dtr-inline.collapsed>tbody>tr>td.dtr-control,\n\t\t\t\t\t#wim_facts1.dataTable.wpda-datatable.dtr-inline.collapsed>tbody>tr>th.dtr-control {\n    \t\t\t\t\tpadding-left: 2.2em;\n\t\t\t\t\t}\n\t\t\t\t<\/style><div class='wpda_publication_container'><table id=\"wim_facts1\" class=\"display\" cellspacing=\"0\"><thead><tr><th class=\"all\" data-column_name_search=\"fact\">Fakt<\/th><\/tr><\/thead><tfoot><tr><th class=\"all\" data-column_name_search=\"fact\">Fakt<\/th><\/tr><\/tfoot><\/table><\/div><script type='text\/javascript'>var wpdaDbColumnswimfacts1_advanced_options = {\"wpda_styling\":\"\",\"dom\":\"lfrtip\"}; var wpdaDbColumnswimfacts1 = [{\"className\":\"fact wpda_format_string\",\"name\":\"fact\",\"targets\":0,\"label\":\"Fakt\",\"searchBuilderType\":\"string\"}];var wpdaDbColumnswimfacts1_geosearch_options = {}; var wim_facts_1_args = [[]]; var wim_facts_1_gets = [[]]; var wim_facts_1_posts = [[]]; jQuery(function () {\twpda_datatables_ajax_call(\t\twpdaDbColumnswimfacts1,\t\t\"\",\t\t\"wim_facts\",\t\t\"\",\t\t\"yes\",\t\t\"Row details\",\t\t\"modal\",\t\t\"yes\",\t\t\"en-GB\",\t\t\"\",\t\tfalse,\t    false,\t\tfalse,\t\twpdaDbColumnswimfacts1_advanced_options,\t\t1,\t\t\"If not listed\",\t\t[],\t\t\"\",\t\t\"\",\t\t\"\",\t\t[],\t\t\"false\",\t\t\"false\",\t\t\"\",\t\twpdaDbColumnswimfacts1_geosearch_options,\t\t\"5539a67efd\",\t\t\"\"\t);});<\/script>\n<\/div>\n\n\n\n<div class=\"wp-block-column is-layout-flow wp-block-column-is-layout-flow\" style=\"flex-basis:5%\"><\/div>\n<\/div>\n\n\n\n<div class=\"wp-block-columns is-layout-flex wp-container-core-columns-is-layout-9d6595d7 wp-block-columns-is-layout-flex\">\n<div class=\"wp-block-column is-layout-flow wp-block-column-is-layout-flow\" style=\"flex-basis:5%\"><\/div>\n\n\n\n<div class=\"wp-block-column is-layout-flow wp-block-column-is-layout-flow\">\n<p>Liebe Bundestagsabgeordnete, lieber Bundestagsabgeordneter,<br>liebe Kandidatin, lieber Kandidat f\u00fcr die Bundestagswahl 2021,<br>Liebe B\u00fcrgerinnen und B\u00fcrger,<\/p>\n\n\n\n<p>Wir stellen einmal pro Tag auf Twitter (<a rel=\"noreferrer noopener\" href=\"https:\/\/twitter.com\/WissenistMach10\" target=\"_blank\">@WissenIstMach10<\/a>) einer Frage zum Thema \u201eKlima\u201c. Wir verdichten alle Antworten (oder ihr Ausbleiben) auf <a rel=\"noreferrer noopener\" href=\"https:\/\/twitteducation.com\/\" target=\"_blank\">dieser Webseite<\/a>, Tag f\u00fcr Tag. Auf dieser Seite sind auch Statistiken dar\u00fcber zu finden, wer korrekt antwortet oder falsch oder gar nicht.&nbsp;<\/p>\n\n\n\n<p>Wir denken, dass bei diesem f\u00fcr unsere Zukunft so elementaren Thema W\u00e4hlerinnen und W\u00e4hler die M\u00f6glichkeit haben m\u00fcssen, einsch\u00e4tzen zu k\u00f6nnen, wie kompetent und motiviert Politikerinnen und Politiker sind, die \u00fcber unsere Zukunft entscheiden werden.<\/p>\n\n\n\n<p>Wenn Sie sich an unserer Aktion beteiligen, was uns sehr freuen w\u00fcrde, k\u00f6nnen Sie uns mit zwei Klicks helfen:<\/p>\n\n\n\n<ul class=\"wp-block-list\"><li>Unserem <a href=\"https:\/\/twitter.com\/WissenistMach10\">Twitteraccount<\/a> folgen. So bekommen Sie die Fragen Tag f\u00fcr Tag automatisch und absolut zuverl\u00e4ssig.<\/li><li>Ihre Follower \u00fcber unsere Aktion informieren. Dann k\u00f6nnen diese n\u00e4mlich mitmachen und sich so auch zum Thema Klimawandel informieren!<\/li><\/ul>\n\n\n\n<p>In beiden F\u00e4lle zeigen Sie f\u00fcr alle sichtbar, dass Sie sich f\u00fcr das Thema &#8220;Klima&#8221; wirklich engagieren.<\/p>\n\n\n\n<p>Wir sind \u00fcberparteilich und in keinster Weise daran interessiert, irgendjemand blo\u00dfzustellen. Deshalb ist auch jede Frage mit einem f\u00fcr die Antwort hilfreichen Fakt auf eine seri\u00f6se Quelle wie z.B. die IPCC (Klimarat) versehen. <\/p>\n<\/div>\n\n\n\n<div class=\"wp-block-column is-layout-flow wp-block-column-is-layout-flow\" style=\"flex-basis:5%\"><\/div>\n<\/div>\n","protected":false},"excerpt":{"rendered":"<p>Ist es das erste Mal, dass Sie mit uns spielen? Vergessen Sie nicht die vergangenen Fragen hier: https:\/\/twitter.com\/WissenistMach10 zu beantworten, damit zeigen Sie Interesse f\u00fcr das Klima-Thema. Suchen Sie nach anderen M\u00f6glichkeiten, um den Klimawandel l\u00f6sungsorientiert in der Politik zu thematisieren? Schauen Sie auf w\u00e4hlbar2021.de Liebe Bundestagsabgeordnete, lieber Bundestagsabgeordneter,liebe Kandidatin, lieber Kandidat f\u00fcr die Bundestagswahl [&hellip;]<\/p>\n","protected":false},"author":1,"featured_media":0,"parent":0,"menu_order":0,"comment_status":"closed","ping_status":"closed","template":"","meta":{"ocean_post_layout":"","ocean_both_sidebars_style":"","ocean_both_sidebars_content_width":0,"ocean_both_sidebars_sidebars_width":0,"ocean_sidebar":"0","ocean_second_sidebar":"0","ocean_disable_margins":"enable","ocean_add_body_class":"","ocean_shortcode_before_top_bar":"","ocean_shortcode_after_top_bar":"","ocean_shortcode_before_header":"","ocean_shortcode_after_header":"","ocean_has_shortcode":"","ocean_shortcode_after_title":"","ocean_shortcode_before_footer_widgets":"","ocean_shortcode_after_footer_widgets":"","ocean_shortcode_before_footer_bottom":"","ocean_shortcode_after_footer_bottom":"","ocean_display_top_bar":"default","ocean_display_header":"default","ocean_header_style":"","ocean_center_header_left_menu":"0","ocean_custom_header_template":"0","ocean_custom_logo":0,"ocean_custom_retina_logo":0,"ocean_custom_logo_max_width":0,"ocean_custom_logo_tablet_max_width":0,"ocean_custom_logo_mobile_max_width":0,"ocean_custom_logo_max_height":0,"ocean_custom_logo_tablet_max_height":0,"ocean_custom_logo_mobile_max_height":0,"ocean_header_custom_menu":"0","ocean_menu_typo_font_family":"0","ocean_menu_typo_font_subset":"","ocean_menu_typo_font_size":0,"ocean_menu_typo_font_size_tablet":0,"ocean_menu_typo_font_size_mobile":0,"ocean_menu_typo_font_size_unit":"px","ocean_menu_typo_font_weight":"","ocean_menu_typo_font_weight_tablet":"","ocean_menu_typo_font_weight_mobile":"","ocean_menu_typo_transform":"","ocean_menu_typo_transform_tablet":"","ocean_menu_typo_transform_mobile":"","ocean_menu_typo_line_height":0,"ocean_menu_typo_line_height_tablet":0,"ocean_menu_typo_line_height_mobile":0,"ocean_menu_typo_line_height_unit":"","ocean_menu_typo_spacing":0,"ocean_menu_typo_spacing_tablet":0,"ocean_menu_typo_spacing_mobile":0,"ocean_menu_typo_spacing_unit":"","ocean_menu_link_color":"","ocean_menu_link_color_hover":"","ocean_menu_link_color_active":"","ocean_menu_link_background":"","ocean_menu_link_hover_background":"","ocean_menu_link_active_background":"","ocean_menu_social_links_bg":"","ocean_menu_social_hover_links_bg":"","ocean_menu_social_links_color":"","ocean_menu_social_hover_links_color":"","ocean_disable_title":"default","ocean_disable_heading":"default","ocean_post_title":"","ocean_post_subheading":"","ocean_post_title_style":"","ocean_post_title_background_color":"","ocean_post_title_background":0,"ocean_post_title_bg_image_position":"","ocean_post_title_bg_image_attachment":"","ocean_post_title_bg_image_repeat":"","ocean_post_title_bg_image_size":"","ocean_post_title_height":0,"ocean_post_title_bg_overlay":0.5,"ocean_post_title_bg_overlay_color":"","ocean_disable_breadcrumbs":"default","ocean_breadcrumbs_color":"","ocean_breadcrumbs_separator_color":"","ocean_breadcrumbs_links_color":"","ocean_breadcrumbs_links_hover_color":"","ocean_display_footer_widgets":"default","ocean_display_footer_bottom":"default","ocean_custom_footer_template":"0","footnotes":""},"class_list":["post-574","page","type-page","status-publish","hentry","entry"],"_links":{"self":[{"href":"https:\/\/twitteducation.com\/wim\/wp-json\/wp\/v2\/pages\/574","targetHints":{"allow":["GET"]}}],"collection":[{"href":"https:\/\/twitteducation.com\/wim\/wp-json\/wp\/v2\/pages"}],"about":[{"href":"https:\/\/twitteducation.com\/wim\/wp-json\/wp\/v2\/types\/page"}],"author":[{"embeddable":true,"href":"https:\/\/twitteducation.com\/wim\/wp-json\/wp\/v2\/users\/1"}],"replies":[{"embeddable":true,"href":"https:\/\/twitteducation.com\/wim\/wp-json\/wp\/v2\/comments?post=574"}],"version-history":[{"count":0,"href":"https:\/\/twitteducation.com\/wim\/wp-json\/wp\/v2\/pages\/574\/revisions"}],"wp:attachment":[{"href":"https:\/\/twitteducation.com\/wim\/wp-json\/wp\/v2\/media?parent=574"}],"curies":[{"name":"wp","href":"https:\/\/api.w.org\/{rel}","templated":true}]}}