{"id":349,"date":"2021-05-02T16:55:09","date_gmt":"2021-05-02T14:55:09","guid":{"rendered":"http:\/\/135.181.198.186\/?page_id=349"},"modified":"2022-06-12T13:06:19","modified_gmt":"2022-06-12T13:06:19","slug":"klimacamp","status":"publish","type":"page","link":"https:\/\/twitteducation.com\/wim\/klimacamp\/","title":{"rendered":"Klimacamp"},"content":{"rendered":"\n<div class=\"wp-block-cover is-light\"><span aria-hidden=\"true\" class=\"wp-block-cover__background has-background-dim\"><\/span><img fetchpriority=\"high\" decoding=\"async\" width=\"2560\" height=\"1707\" class=\"wp-block-cover__image-background wp-image-76\" alt=\"\" src=\"http:\/\/135.181.198.186\/wim\/wp-content\/uploads\/sites\/2\/2021\/04\/karsten-wurth-0w-uTa0Xz7w-unsplash-scaled-1.jpg\" style=\"object-position:0% 0%\" data-object-fit=\"cover\" data-object-position=\"0% 0%\" srcset=\"https:\/\/twitteducation.com\/wim\/wp-content\/uploads\/sites\/2\/2021\/04\/karsten-wurth-0w-uTa0Xz7w-unsplash-scaled-1.jpg 2560w, https:\/\/twitteducation.com\/wim\/wp-content\/uploads\/sites\/2\/2021\/04\/karsten-wurth-0w-uTa0Xz7w-unsplash-scaled-1-300x200.jpg 300w, https:\/\/twitteducation.com\/wim\/wp-content\/uploads\/sites\/2\/2021\/04\/karsten-wurth-0w-uTa0Xz7w-unsplash-scaled-1-1024x683.jpg 1024w, https:\/\/twitteducation.com\/wim\/wp-content\/uploads\/sites\/2\/2021\/04\/karsten-wurth-0w-uTa0Xz7w-unsplash-scaled-1-768x512.jpg 768w, https:\/\/twitteducation.com\/wim\/wp-content\/uploads\/sites\/2\/2021\/04\/karsten-wurth-0w-uTa0Xz7w-unsplash-scaled-1-1536x1024.jpg 1536w, https:\/\/twitteducation.com\/wim\/wp-content\/uploads\/sites\/2\/2021\/04\/karsten-wurth-0w-uTa0Xz7w-unsplash-scaled-1-2048x1366.jpg 2048w\" sizes=\"(max-width: 2560px) 100vw, 2560px\" \/><div class=\"wp-block-cover__inner-container is-layout-flow wp-block-cover-is-layout-flow\">\n<div style=\"height:100px\" aria-hidden=\"true\" class=\"wp-block-spacer\"><\/div>\n\n\n\n<p class=\"has-text-align-center has-text-color has-huge-font-size\" style=\"color:#e7e4d9\">Klimacamp<\/p>\n\n\n\n<div style=\"height:100px\" aria-hidden=\"true\" class=\"wp-block-spacer\"><\/div>\n\n\n\n<div class=\"wp-block-columns is-layout-flex wp-container-core-columns-is-layout-9d6595d7 wp-block-columns-is-layout-flex\">\n<div class=\"wp-block-column is-layout-flow wp-block-column-is-layout-flow\" style=\"flex-basis:5%\"><\/div>\n\n\n\n<div class=\"wp-block-column is-layout-flow wp-block-column-is-layout-flow\">\n<div class=\"wp-block-columns is-layout-flex wp-container-core-columns-is-layout-9d6595d7 wp-block-columns-is-layout-flex\">\n<div class=\"wp-block-column is-layout-flow wp-block-column-is-layout-flow\">\n<h2 class=\"has-text-align-center has-text-color has-medium-font-size wp-block-heading\" style=\"color:#e7e4d9\">Problemstellung<\/h2>\n\n\n\n<figure class=\"wp-block-image size-large is-resized\"><img decoding=\"async\" src=\"https:\/\/twitteducation.com\/wim\/wp-content\/uploads\/sites\/2\/2022\/05\/017-setting-1.svg\" alt=\"\" width=\"128\" height=\"128\"\/><\/figure>\n<\/div>\n\n\n\n<div class=\"wp-block-column is-layout-flow wp-block-column-is-layout-flow\">\n<div style=\"height:100px\" aria-hidden=\"true\" class=\"wp-block-spacer\"><\/div>\n\n\n\n<figure class=\"wp-block-image size-large is-resized\"><img decoding=\"async\" src=\"https:\/\/twitteducation.com\/wim\/wp-content\/uploads\/sites\/2\/2022\/05\/14-chalk-arrows-1-300x149-1.png\" alt=\"\" width=\"150\" height=\"75\"\/><\/figure>\n<\/div>\n\n\n\n<div class=\"wp-block-column is-layout-flow wp-block-column-is-layout-flow\">\n<h2 class=\"has-text-align-center has-text-color has-medium-font-size wp-block-heading\" style=\"color:#e7e4d9\">Zusammenh\u00e4nge<\/h2>\n\n\n\n<figure class=\"wp-block-image size-large is-resized\"><img loading=\"lazy\" decoding=\"async\" src=\"https:\/\/twitteducation.com\/wim\/wp-content\/uploads\/sites\/2\/2022\/05\/process.svg\" alt=\"\" width=\"128\" height=\"128\"\/><\/figure>\n<\/div>\n\n\n\n<div class=\"wp-block-column is-layout-flow wp-block-column-is-layout-flow\">\n<div style=\"height:100px\" aria-hidden=\"true\" class=\"wp-block-spacer\"><\/div>\n\n\n\n<figure class=\"wp-block-image size-large is-resized\"><img decoding=\"async\" src=\"https:\/\/twitteducation.com\/wim\/wp-content\/uploads\/sites\/2\/2022\/05\/14-chalk-arrows-1-300x149-1.png\" alt=\"\" width=\"150\" height=\"75\"\/><\/figure>\n<\/div>\n\n\n\n<div class=\"wp-block-column is-layout-flow wp-block-column-is-layout-flow\">\n<h2 class=\"has-text-align-center has-text-color has-medium-font-size wp-block-heading\" style=\"color:#e7e4d9\">L\u00f6sungen<\/h2>\n\n\n\n<figure class=\"wp-block-image size-large is-resized\"><img loading=\"lazy\" decoding=\"async\" src=\"https:\/\/twitteducation.com\/wim\/wp-content\/uploads\/sites\/2\/2022\/05\/implementation.svg\" alt=\"\" width=\"128\" height=\"128\"\/><\/figure>\n<\/div>\n<\/div>\n<\/div>\n\n\n\n<div class=\"wp-block-column is-layout-flow wp-block-column-is-layout-flow\" style=\"flex-basis:5%\"><\/div>\n<\/div>\n<\/div><\/div>\n\n\n\n<div style=\"height:100px\" aria-hidden=\"true\" class=\"wp-block-spacer\"><\/div>\n\n\n\n<div class=\"wp-block-columns is-layout-flex wp-container-core-columns-is-layout-9d6595d7 wp-block-columns-is-layout-flex\">\n<div class=\"wp-block-column is-layout-flow wp-block-column-is-layout-flow\" style=\"flex-basis:5%\"><\/div>\n\n\n\n<div class=\"wp-block-column is-layout-flow wp-block-column-is-layout-flow\">\n<h2 class=\"has-huge-font-size wp-block-heading\">Was ist das Klimacamp<\/h2>\n\n\n\n<p class=\"has-medium-font-size\">Das Online-Camp ist modular aufgebaut und bildet ein leicht verst\u00e4ndliches Grundger\u00fcst aus Problemstellung, Zusammenh\u00e4ngen und Probleml\u00f6sungen. Dieses Grundger\u00fcst kann online als Einzelperson, entweder in G\u00e4nze oder in Teilen verwendet werden. Es soll aber auch als m\u00f6gliche Struktur f\u00fcr live Angebote dienen. Dabei kann ein ganzer Workshop angeboten werden, Barcamps in Wahlkampfvorbereitungen eingebunden werden oder einzelne Elemente, wie Puzzlekarten oder Fragen an Wahlkampfst\u00e4nden verwendet werden.<\/p>\n<\/div>\n\n\n\n<div class=\"wp-block-column is-layout-flow wp-block-column-is-layout-flow\" style=\"flex-basis:5%\"><\/div>\n<\/div>\n\n\n\n<div style=\"height:100px\" aria-hidden=\"true\" class=\"wp-block-spacer\"><\/div>\n\n\n\n<div class=\"wp-block-columns is-layout-flex wp-container-core-columns-is-layout-9d6595d7 wp-block-columns-is-layout-flex\">\n<div class=\"wp-block-column is-layout-flow wp-block-column-is-layout-flow\" style=\"flex-basis:5%\"><\/div>\n\n\n\n<div class=\"wp-block-column is-layout-flow wp-block-column-is-layout-flow\">\n<h2 class=\"has-large-font-size wp-block-heading\">Einf\u00fchrungsvideo<\/h2>\n\n\n\n<p class=\"has-medium-font-size\">Es ist schwer, durch den Wust an Information \u00fcber die Klimakatastrophe zu kommen, daher gibt es kompakte Infos in den Einf\u00fchrungsvideos, welche auch auf Youtube zur Verf\u00fcgung gestellt werden. Dabei wird sich auf das Wesentliche konzentriert und ein Schwerpunkt auf die Folgen von verschiedenen Klimaszenarien gelegt. Dabei soll auch besonders auf soziale und wirtschaftliche Folgen eingegangen werden, um den pers\u00f6nlichen Bezug deutlich zu machen.  Kommt hier bald.<\/p>\n<\/div>\n\n\n\n<div class=\"wp-block-column is-layout-flow wp-block-column-is-layout-flow\" style=\"flex-basis:25%\">\n<div style=\"height:80px\" aria-hidden=\"true\" class=\"wp-block-spacer\"><\/div>\n\n\n\n<figure class=\"wp-block-image size-large is-resized\"><img loading=\"lazy\" decoding=\"async\" src=\"http:\/\/twitteducation.com\/wim\/wp-content\/uploads\/sites\/2\/2022\/05\/017-setting-1.svg\" alt=\"\" width=\"128\" height=\"128\"\/><\/figure>\n<\/div>\n\n\n\n<div class=\"wp-block-column is-layout-flow wp-block-column-is-layout-flow\" style=\"flex-basis:5%\"><\/div>\n<\/div>\n\n\n\n<div style=\"height:100px\" aria-hidden=\"true\" class=\"wp-block-spacer\"><\/div>\n\n\n\n<div class=\"wp-block-columns is-layout-flex wp-container-core-columns-is-layout-9d6595d7 wp-block-columns-is-layout-flex\">\n<div class=\"wp-block-column is-layout-flow wp-block-column-is-layout-flow\" style=\"flex-basis:5%\"><\/div>\n\n\n\n<div class=\"wp-block-column is-layout-flow wp-block-column-is-layout-flow\" style=\"flex-basis:25%\">\n<div style=\"height:80px\" aria-hidden=\"true\" class=\"wp-block-spacer\"><\/div>\n\n\n\n<figure class=\"wp-block-image size-large is-resized\"><img loading=\"lazy\" decoding=\"async\" src=\"http:\/\/twitteducation.com\/wim\/wp-content\/uploads\/sites\/2\/2022\/05\/process.svg\" alt=\"\" width=\"128\" height=\"128\"\/><\/figure>\n<\/div>\n\n\n\n<div class=\"wp-block-column is-layout-flow wp-block-column-is-layout-flow\">\n<h2 class=\"has-large-font-size wp-block-heading\">Klimaspiel<\/h2>\n\n\n\n<p class=\"has-medium-font-size\">Das Klima-Puzzle <a rel=\"noreferrer noopener\" href=\"https:\/\/climatecollage.org\/\" target=\"_blank\">https:\/\/climatecollage.org<\/a> (existiert auch auf Deutsch). Es ist ein Puzzle, das weltweit bereits 130 000 mal gespielt wurde. Es gibt einen Einstiegsvariante (ca. 1 Stunde), eine normale Variante (ca. 2 Stunden) und eine Profi-Variante.  F\u00fcr das Camp bekommt man einer Einladung, wenn gen\u00fcgend Spieler da sind, wird gespielt! <a href=\"https:\/\/twitteducation.com\/kontakt\/\" target=\"_blank\" rel=\"noreferrer noopener\">Bitte hier Anfragen<\/a><\/p>\n<\/div>\n\n\n\n<div class=\"wp-block-column is-layout-flow wp-block-column-is-layout-flow\" style=\"flex-basis:5%\"><\/div>\n<\/div>\n\n\n\n<div style=\"height:100px\" aria-hidden=\"true\" class=\"wp-block-spacer\"><\/div>\n\n\n\n<div class=\"wp-block-columns is-layout-flex wp-container-core-columns-is-layout-9d6595d7 wp-block-columns-is-layout-flex\">\n<div class=\"wp-block-column is-layout-flow wp-block-column-is-layout-flow\" style=\"flex-basis:5%\"><\/div>\n\n\n\n<div class=\"wp-block-column is-layout-flow wp-block-column-is-layout-flow\">\n<h2 class=\"has-large-font-size wp-block-heading\">L\u00f6sungen<\/h2>\n\n\n\n<p class=\"has-medium-font-size\">Dabei geht es nicht um pers\u00f6nlichen Verzicht, sondern um strukturelle L\u00f6sungen und um Stellschrauben, die in der Politik ver\u00e4ndert werden m\u00fcssen, wie das EEG, das schon mal funktioniert hat, aber absichtlich nahezu unwirksam gemacht wurde. Um technische L\u00f6sungen, z.B. Speichertechnologie. Um grundlegende Verst\u00e4ndnisfragen wie z.B. Mobilit\u00e4tswende, Agrarwende und Fischereiwende mit Beispielen wie der regenerativen Landwirtschaft, regenerative Ocean Farms oder Mobilit\u00e4ts- oder B\u00fcrgerenergiekonzepten. Vorstellung von politischen Konzepten, wie dem Green New Deal, CO2-Zertifikate, Lieferkettengesetz etc. und deren Problemen und Potenzialen. <\/p>\n<\/div>\n\n\n\n<div class=\"wp-block-column is-layout-flow wp-block-column-is-layout-flow\" style=\"flex-basis:25%\">\n<div style=\"height:100px\" aria-hidden=\"true\" class=\"wp-block-spacer\"><\/div>\n\n\n\n<figure class=\"wp-block-image size-large is-resized\"><img loading=\"lazy\" decoding=\"async\" src=\"http:\/\/twitteducation.com\/wim\/wp-content\/uploads\/sites\/2\/2022\/05\/implementation.svg\" alt=\"\" width=\"128\" height=\"128\"\/><\/figure>\n<\/div>\n\n\n\n<div class=\"wp-block-column is-layout-flow wp-block-column-is-layout-flow\" style=\"flex-basis:5%\"><\/div>\n<\/div>\n","protected":false},"excerpt":{"rendered":"<p>Was ist das Klimacamp Das Online-Camp ist modular aufgebaut und bildet ein leicht verst\u00e4ndliches Grundger\u00fcst aus Problemstellung, Zusammenh\u00e4ngen und Probleml\u00f6sungen. Dieses Grundger\u00fcst kann online als Einzelperson, entweder in G\u00e4nze oder in Teilen verwendet werden. Es soll aber auch als m\u00f6gliche Struktur f\u00fcr live Angebote dienen. Dabei kann ein ganzer Workshop angeboten werden, Barcamps in Wahlkampfvorbereitungen [&hellip;]<\/p>\n","protected":false},"author":1,"featured_media":0,"parent":0,"menu_order":0,"comment_status":"closed","ping_status":"closed","template":"","meta":{"ocean_post_layout":"","ocean_both_sidebars_style":"","ocean_both_sidebars_content_width":0,"ocean_both_sidebars_sidebars_width":0,"ocean_sidebar":"0","ocean_second_sidebar":"0","ocean_disable_margins":"enable","ocean_add_body_class":"","ocean_shortcode_before_top_bar":"","ocean_shortcode_after_top_bar":"","ocean_shortcode_before_header":"","ocean_shortcode_after_header":"","ocean_has_shortcode":"","ocean_shortcode_after_title":"","ocean_shortcode_before_footer_widgets":"","ocean_shortcode_after_footer_widgets":"","ocean_shortcode_before_footer_bottom":"","ocean_shortcode_after_footer_bottom":"","ocean_display_top_bar":"default","ocean_display_header":"default","ocean_header_style":"","ocean_center_header_left_menu":"0","ocean_custom_header_template":"0","ocean_custom_logo":0,"ocean_custom_retina_logo":0,"ocean_custom_logo_max_width":0,"ocean_custom_logo_tablet_max_width":0,"ocean_custom_logo_mobile_max_width":0,"ocean_custom_logo_max_height":0,"ocean_custom_logo_tablet_max_height":0,"ocean_custom_logo_mobile_max_height":0,"ocean_header_custom_menu":"0","ocean_menu_typo_font_family":"0","ocean_menu_typo_font_subset":"","ocean_menu_typo_font_size":0,"ocean_menu_typo_font_size_tablet":0,"ocean_menu_typo_font_size_mobile":0,"ocean_menu_typo_font_size_unit":"px","ocean_menu_typo_font_weight":"","ocean_menu_typo_font_weight_tablet":"","ocean_menu_typo_font_weight_mobile":"","ocean_menu_typo_transform":"","ocean_menu_typo_transform_tablet":"","ocean_menu_typo_transform_mobile":"","ocean_menu_typo_line_height":0,"ocean_menu_typo_line_height_tablet":0,"ocean_menu_typo_line_height_mobile":0,"ocean_menu_typo_line_height_unit":"","ocean_menu_typo_spacing":0,"ocean_menu_typo_spacing_tablet":0,"ocean_menu_typo_spacing_mobile":0,"ocean_menu_typo_spacing_unit":"","ocean_menu_link_color":"","ocean_menu_link_color_hover":"","ocean_menu_link_color_active":"","ocean_menu_link_background":"","ocean_menu_link_hover_background":"","ocean_menu_link_active_background":"","ocean_menu_social_links_bg":"","ocean_menu_social_hover_links_bg":"","ocean_menu_social_links_color":"","ocean_menu_social_hover_links_color":"","ocean_disable_title":"default","ocean_disable_heading":"default","ocean_post_title":"","ocean_post_subheading":"","ocean_post_title_style":"","ocean_post_title_background_color":"","ocean_post_title_background":0,"ocean_post_title_bg_image_position":"","ocean_post_title_bg_image_attachment":"","ocean_post_title_bg_image_repeat":"","ocean_post_title_bg_image_size":"","ocean_post_title_height":0,"ocean_post_title_bg_overlay":0.5,"ocean_post_title_bg_overlay_color":"","ocean_disable_breadcrumbs":"default","ocean_breadcrumbs_color":"","ocean_breadcrumbs_separator_color":"","ocean_breadcrumbs_links_color":"","ocean_breadcrumbs_links_hover_color":"","ocean_display_footer_widgets":"default","ocean_display_footer_bottom":"default","ocean_custom_footer_template":"0","footnotes":""},"class_list":["post-349","page","type-page","status-publish","hentry","entry"],"_links":{"self":[{"href":"https:\/\/twitteducation.com\/wim\/wp-json\/wp\/v2\/pages\/349","targetHints":{"allow":["GET"]}}],"collection":[{"href":"https:\/\/twitteducation.com\/wim\/wp-json\/wp\/v2\/pages"}],"about":[{"href":"https:\/\/twitteducation.com\/wim\/wp-json\/wp\/v2\/types\/page"}],"author":[{"embeddable":true,"href":"https:\/\/twitteducation.com\/wim\/wp-json\/wp\/v2\/users\/1"}],"replies":[{"embeddable":true,"href":"https:\/\/twitteducation.com\/wim\/wp-json\/wp\/v2\/comments?post=349"}],"version-history":[{"count":11,"href":"https:\/\/twitteducation.com\/wim\/wp-json\/wp\/v2\/pages\/349\/revisions"}],"predecessor-version":[{"id":1281,"href":"https:\/\/twitteducation.com\/wim\/wp-json\/wp\/v2\/pages\/349\/revisions\/1281"}],"wp:attachment":[{"href":"https:\/\/twitteducation.com\/wim\/wp-json\/wp\/v2\/media?parent=349"}],"curies":[{"name":"wp","href":"https:\/\/api.w.org\/{rel}","templated":true}]}}