{"id":178,"date":"2021-04-30T08:30:49","date_gmt":"2021-04-30T06:30:49","guid":{"rendered":"http:\/\/135.181.198.186\/?page_id=178"},"modified":"2022-06-12T12:18:03","modified_gmt":"2022-06-12T12:18:03","slug":"teaser-seite","status":"publish","type":"page","link":"https:\/\/twitteducation.com\/wim\/teaser-seite\/","title":{"rendered":"Teaser Seite"},"content":{"rendered":"\n<div class=\"wp-block-cover is-light\" style=\"min-height:483px;aspect-ratio:unset;\"><span aria-hidden=\"true\" class=\"wp-block-cover__background has-background-dim\"><\/span><img fetchpriority=\"high\" decoding=\"async\" width=\"2560\" height=\"1707\" class=\"wp-block-cover__image-background wp-image-76\" alt=\"\" src=\"http:\/\/135.181.198.186\/wim\/wp-content\/uploads\/sites\/2\/2021\/04\/karsten-wurth-0w-uTa0Xz7w-unsplash-scaled-1.jpg\" style=\"object-position:50% 50%\" data-object-fit=\"cover\" data-object-position=\"50% 50%\" srcset=\"https:\/\/twitteducation.com\/wim\/wp-content\/uploads\/sites\/2\/2021\/04\/karsten-wurth-0w-uTa0Xz7w-unsplash-scaled-1.jpg 2560w, https:\/\/twitteducation.com\/wim\/wp-content\/uploads\/sites\/2\/2021\/04\/karsten-wurth-0w-uTa0Xz7w-unsplash-scaled-1-300x200.jpg 300w, https:\/\/twitteducation.com\/wim\/wp-content\/uploads\/sites\/2\/2021\/04\/karsten-wurth-0w-uTa0Xz7w-unsplash-scaled-1-1024x683.jpg 1024w, https:\/\/twitteducation.com\/wim\/wp-content\/uploads\/sites\/2\/2021\/04\/karsten-wurth-0w-uTa0Xz7w-unsplash-scaled-1-768x512.jpg 768w, https:\/\/twitteducation.com\/wim\/wp-content\/uploads\/sites\/2\/2021\/04\/karsten-wurth-0w-uTa0Xz7w-unsplash-scaled-1-1536x1024.jpg 1536w, https:\/\/twitteducation.com\/wim\/wp-content\/uploads\/sites\/2\/2021\/04\/karsten-wurth-0w-uTa0Xz7w-unsplash-scaled-1-2048x1366.jpg 2048w\" sizes=\"(max-width: 2560px) 100vw, 2560px\" \/><div class=\"wp-block-cover__inner-container is-layout-flow wp-block-cover-is-layout-flow\">\n<div class=\"wp-block-group\"><div class=\"wp-block-group__inner-container is-layout-flow wp-block-group-is-layout-flow\">\n<div style=\"height:200px\" aria-hidden=\"true\" class=\"wp-block-spacer\"><\/div>\n\n\n\n<div class=\"wp-block-columns is-layout-flex wp-container-core-columns-is-layout-9d6595d7 wp-block-columns-is-layout-flex\">\n<div class=\"wp-block-column is-layout-flow wp-block-column-is-layout-flow\" style=\"flex-basis:5%\"><\/div>\n\n\n\n<div class=\"wp-block-column is-layout-flow wp-block-column-is-layout-flow\">\n<h2 class=\"has-text-color has-huge-font-size wp-block-heading\" style=\"color:#ece7d8\">Deutschland verdient klimabewusste Politiker<\/h2>\n\n\n\n<p class=\"has-text-color\" style=\"color:#ece7d8;font-size:21px\">Unsere Politiker m\u00fcssen jetzt handeln, damit unsere Welt, wie wir sie kennen, erhalten bleibt. Deshalb&nbsp; stellen wir mit unserem Klimaquiz das Klimawissen unserer Politiker unter Beweis. Hierf\u00fcr ben\u00f6tigen wir jedoch freiwillige Helfer.<\/p>\n\n\n\n<div style=\"height:20px\" aria-hidden=\"true\" class=\"wp-block-spacer\"><\/div>\n\n\n\n<div class=\"wp-block-buttons is-layout-flex wp-block-buttons-is-layout-flex\">\n<div class=\"wp-block-button\"><a class=\"wp-block-button__link has-text-color has-background\" href=\"https:\/\/twitteducation.com\/wim\/#helfer\" style=\"border-radius:5px;background-color:#d88e2d;color:#ece7d8\"><strong>Mach mit<\/strong> \u279c<\/a><\/div>\n<\/div>\n<\/div>\n\n\n\n<div class=\"wp-block-column is-layout-flow wp-block-column-is-layout-flow\" style=\"flex-basis:30%\"><\/div>\n<\/div>\n\n\n\n<div style=\"height:150px\" aria-hidden=\"true\" class=\"wp-block-spacer\"><\/div>\n\n\n\n<p><\/p>\n<\/div><\/div>\n<\/div><\/div>\n\n\n\n<div style=\"height:100px\" aria-hidden=\"true\" class=\"wp-block-spacer\"><\/div>\n\n\n\n\n\n<div class=\"wp-block-group\"><div class=\"wp-block-group__inner-container is-layout-flow wp-block-group-is-layout-flow\">\n<div class=\"wp-block-columns is-layout-flex wp-container-core-columns-is-layout-9d6595d7 wp-block-columns-is-layout-flex\">\n<div class=\"wp-block-column is-layout-flow wp-block-column-is-layout-flow\" style=\"flex-basis:5%\"><\/div>\n\n\n\n<div class=\"wp-block-column is-layout-flow wp-block-column-is-layout-flow\" style=\"flex-basis:95%\">\n<h2 class=\"has-huge-font-size wp-block-heading\"><strong>Das wollen wir erreichen<\/strong><\/h2>\n\n\n\n<p class=\"has-medium-font-size\"><strong>Politiker m\u00fcssen beweisen, dass sie kompetent sind, \u00fcberlebenswichtige Klima-Entscheidungen zu treffen.<\/strong><\/p>\n\n\n\n<p class=\"has-medium-font-size\">K\u00fcnftig sollen nur noch kompetente Politiker:innen Entscheidungen treffen d\u00fcrfen, wenn die Entscheidung das Ende der Menschheit bedeuten k\u00f6nnte, derzeit also in der Klimapolitik. Zumindest bei Entscheidungen solcher Reichweite sollten Entscheider:innen auch im Bundestag einen Test machen m\u00fcssen, bevor sie bei Beschl\u00fcssen mitabstimmen d\u00fcrfen. <\/p>\n\n\n\n<p class=\"has-medium-font-size\">In allen anderen Bereichen wird erwartet, dass man Ahnung von dem hat, was man tut. In Deutschland braucht man eine Qualifikation um eine Toilette zu installieren, aber nicht, um \u00fcber das Ende der Menschheit abzustimmen.<\/p>\n<\/div>\n\n\n\n<div class=\"wp-block-column is-layout-flow wp-block-column-is-layout-flow\" style=\"flex-basis:25%\">\n<div style=\"height:100px\" aria-hidden=\"true\" class=\"wp-block-spacer\"><\/div>\n\n\n\n<figure class=\"wp-block-image size-large is-resized\"><img decoding=\"async\" src=\"https:\/\/twitteducation.com\/wim\/wp-content\/uploads\/sites\/2\/2022\/05\/success.svg\" alt=\"\" width=\"128\" height=\"128\"\/><\/figure>\n<\/div>\n<\/div>\n<\/div><\/div>\n\n\n\n<div style=\"height:100px\" aria-hidden=\"true\" class=\"wp-block-spacer\"><\/div>\n\n\n\n<div style=\"aspect-ratio:unset;\" class=\"wp-block-cover is-light\"><span aria-hidden=\"true\" class=\"wp-block-cover__background has-background-dim-100 has-background-dim\" style=\"background-color:#ce9042\"><\/span><div class=\"wp-block-cover__inner-container is-layout-flow wp-block-cover-is-layout-flow\">\n<p><\/p>\n\n\n<style>\r\n\r\n#wpsm_counter_b_row_31 .wpsm_counterbox\r\n{\r\n\ttext-align:center;\r\n\tmargin-top:50px;\r\n\tmargin-bottom:50px;\r\n}\r\n#wpsm_counter_b_row_31 .wpsm_counterbox .wpsm_count-icon{\r\n\tdisplay:block;\r\n\tmargin-top:20px;\r\n\tpadding-top:0px;\r\n\tpadding-bottom:0px;\r\n\tmargin-bottom:0px;\r\n\tmargin:0 auto;\r\n}\r\n#wpsm_counter_b_row_31 .wpsm_counterbox .wpsm_count-icon i{\r\n\tfont-size:40px;\r\n\tcolor:#eeeadd;\r\n}\r\n#wpsm_counter_b_row_31 .wpsm_counterbox .wpsm_number{\r\n\tfont-size:44px;\r\n\tfont-weight:300;\r\n\tcolor:#eeeadd;\r\n\tfont-family:'Open Sans';\r\n\tletter-spacing:2px;\r\n\tmargin-top:20px;\r\n\tline-height: 1.3em;\r\n\tpadding-top:0px;\r\n\tpadding-bottom:0px;\r\n\tmargin-bottom:0px;\r\n}\r\n#wpsm_counter_b_row_31 .wpsm_counterbox .wpsm_count-title{\r\n    font-size:20px;\r\n\tfont-weight:bolder;\r\n\tfont-family:'Open Sans';\r\n\tletter-spacing:2px;\r\n    color: #eeeadd;\r\n\tfont-weight:300;\r\n\tmargin-top:20px;\r\n\tpadding-top:0px;\r\n\tpadding-bottom:0px;\r\n\tmargin-bottom:0px;\r\n\tline-height: 1.3em;\r\n}\r\n\r\n<\/style> \r\n\t\t \r\n\t\t\r\n\t\t<style>\r\n\t\t#wpsm_counter_b_row_31\t\t\t{\r\n\t\t\t\t\r\n\t\t\t\tposition:relative;\r\n\t\t\t\twidth:100%;\r\n\t\t\t\toverflow:hidden;\r\n\t\t\t\ttext-align:center;\r\n\t\t\t}\r\n\t\t\t \r\n\t\t\t#wpsm_counter_b_row_31 .wpsm_row{\r\n\t\t\toverflow:hidden;\r\n\t\t\tdisplay:block;\r\n\t\t\twidth:100%;\r\n\t\t\t} \r\n\t\t\t \r\n\t\t\t#wpsm_counter_b_row_31 .wpsm_row{\r\n\t\t\toverflow:visible;\r\n\t\t\t} \r\n\t\t\t \r\n\t\t\t#wpsm_counter_b_row_31 .wpsm_counterbox .wpsm_count-title{\r\n\t\t\tmin-height:56px;\r\n\t\t\t}}\r\n\t\t\t \r\n\t\t<\/style>\r\n\t\t\r\n\t\t<div class=\"wpsm_counter_b_row\" id=\"wpsm_counter_b_row_31\">\r\n\t\t\t<div>\r\n\t\t\t\t<div class=\"wpsm_row\">\r\n\t\t\r\n\t\t\t\t\t\t<div class=\"wpsm_col-md-4 wpsm_col-sm-6\">\r\n\t\t\t\t\t<div class=\"wpsm_counterbox\">\r\n\t\t\t\t\t\t \r\n\t\t\t\t\t\t<div class=\"wpsm_count-icon\"><i #eeeadd class=\"fa fa-bullhorn\"><\/i><\/div>\r\n\t\t\t\t\t\t\t\t\t\t\t\t<div class=\"wpsm_number\" style=\"#eeeadd\" >\r\n\t\t\t\t\t\t   <span class=\"counter\">6\t\t\t\t\t\t   <\/span>\r\n\t\t\t\t\t\t    \r\n\t\t\t\t\t    <\/div>\r\n\t\t\t\t\t\t<h3 class=\"wpsm_count-title\" #eeeadd> Parteien<\/h3>\r\n\t\t\t\t\t\t \r\n\t\t\t\t\t<\/div>\r\n\t\t\t\t<\/div>\r\n\t\t\t\t\t\t\t\t\t<div class=\"wpsm_col-md-4 wpsm_col-sm-6\">\r\n\t\t\t\t\t<div class=\"wpsm_counterbox\">\r\n\t\t\t\t\t\t \r\n\t\t\t\t\t\t<div class=\"wpsm_count-icon\"><i #eeeadd class=\"fa fa-users\"><\/i><\/div>\r\n\t\t\t\t\t\t\t\t\t\t\t\t<div class=\"wpsm_number\" style=\"#eeeadd\" >\r\n\t\t\t\t\t\t   <span class=\"counter\">579\t\t\t\t\t\t   <\/span>\r\n\t\t\t\t\t\t    \r\n\t\t\t\t\t    <\/div>\r\n\t\t\t\t\t\t<h3 class=\"wpsm_count-title\" #eeeadd> Politiker*innen<\/h3>\r\n\t\t\t\t\t\t \r\n\t\t\t\t\t<\/div>\r\n\t\t\t\t<\/div>\r\n\t\t\t\t\t\t\t\t\t<div class=\"wpsm_col-md-4 wpsm_col-sm-6\">\r\n\t\t\t\t\t<div class=\"wpsm_counterbox\">\r\n\t\t\t\t\t\t \r\n\t\t\t\t\t\t<div class=\"wpsm_count-icon\"><i #eeeadd class=\"fa fa-user-plus\"><\/i><\/div>\r\n\t\t\t\t\t\t\t\t\t\t\t\t<div class=\"wpsm_number\" style=\"#eeeadd\" >\r\n\t\t\t\t\t\t   <span class=\"counter\">70\t\t\t\t\t\t   <\/span>\r\n\t\t\t\t\t\t    \r\n\t\t\t\t\t    <\/div>\r\n\t\t\t\t\t\t<h3 class=\"wpsm_count-title\" #eeeadd> Follower<\/h3>\r\n\t\t\t\t\t\t \r\n\t\t\t\t\t<\/div>\r\n\t\t\t\t<\/div>\r\n\t\t\t\t\t\t<\/div>\r\n\t\t\t<div class=\"wpsm_row\">\r\n\t\t\t\t\t\t\r\n\t\t\t<\/div>\t\t\t\t<\/div>\r\n\t\t<\/div>\r\n\t\t\r\n\t\n<\/div><\/div>\n\n\n\n<div style=\"height:100px\" aria-hidden=\"true\" class=\"wp-block-spacer\"><\/div>\n\n\n\n<div class=\"wp-block-columns is-layout-flex wp-container-core-columns-is-layout-9d6595d7 wp-block-columns-is-layout-flex\">\n<div class=\"wp-block-column is-layout-flow wp-block-column-is-layout-flow\" style=\"flex-basis:25%\">\n<div style=\"height:100px\" aria-hidden=\"true\" class=\"wp-block-spacer\"><\/div>\n\n\n\n<figure class=\"wp-block-image size-large is-resized\"><img decoding=\"async\" src=\"https:\/\/twitteducation.com\/wim\/wp-content\/uploads\/sites\/2\/2022\/05\/calendar.svg\" alt=\"\" width=\"128\" height=\"128\"\/><\/figure>\n<\/div>\n\n\n\n<div class=\"wp-block-column is-layout-flow wp-block-column-is-layout-flow\" style=\"flex-basis:95%\">\n<h2 class=\"has-text-align-left has-huge-font-size wp-block-heading\"><strong>So funktioniert das Klimaquiz<\/strong><\/h2>\n\n\n\n<p class=\"has-text-align-left has-medium-font-size\">Wir stellen einmal pro Tag auf Twitter einer Frage zum Thema &#8220;Klima&#8221;. Wir verdichten alle Antworten (oder ihr Ausbleiben) auf dieser Webseite, Tag f\u00fcr Tag. Auf dieser Seite sind Statistiken dar\u00fcber zu finden, wer korrekt antwortet oder falsch oder gar nicht.&nbsp; <\/p>\n\n\n\n<p class=\"has-text-align-left has-medium-font-size\">Jeder B\u00fcrger kann auch mitmachen und sich mit den Politikern oder anderen Teilnehmern vergleichen. Man kann die Seite selber abonnieren und \u00fcber Twitter weiterleiten, genauso wie die Antworten der Kandidaten. <\/p>\n\n\n\n<p class=\"has-text-align-left has-medium-font-size\">Einmal pro Woche verleihen wir der &#8220;schwarze Zitrone&#8221; und den &#8220;Klima Helden&#8221; Troph\u00e4e. <\/p>\n\n\n\n<p class=\"has-text-align-left has-medium-font-size\">Die Fragen werden so gew\u00e4hlt, dass sowohl die Kenntnisse als auch das Interesse der Kandidaten dadurch klar werden. Die Antworten zu den Fragen sollen unumstrittene Fakten sein, wie beispielsweise Fakten aus dem Klimarat (IPCC).<\/p>\n<\/div>\n\n\n\n<div class=\"wp-block-column is-layout-flow wp-block-column-is-layout-flow\" style=\"flex-basis:5%\"><\/div>\n<\/div>\n\n\n\n<div style=\"height:100px\" aria-hidden=\"true\" class=\"wp-block-spacer\"><\/div>\n\n\n\n<div style=\"height:100px\" aria-hidden=\"true\" class=\"wp-block-spacer\"><\/div>\n\n\n\n<div style=\"height:100px\" aria-hidden=\"true\" class=\"wp-block-spacer\"><\/div>\n\n\n\n<div style=\"aspect-ratio:unset;\" class=\"wp-block-cover is-light\"><span aria-hidden=\"true\" class=\"wp-block-cover__background has-background-dim-100 has-background-dim\" style=\"background-color:#c69150\"><\/span><div class=\"wp-block-cover__inner-container is-layout-flow wp-block-cover-is-layout-flow\">\n<div style=\"height:40px\" aria-hidden=\"true\" class=\"wp-block-spacer\"><\/div>\n\n\n\n<h2 class=\"has-text-align-center has-text-color has-huge-font-size wp-block-heading\" style=\"color:#e7e4da\">Du m\u00f6chtest dein Klimawissen erweitern?<\/h2>\n\n\n\n<div style=\"height:20px\" aria-hidden=\"true\" class=\"wp-block-spacer\"><\/div>\n\n\n\n<div class=\"wp-block-columns is-layout-flex wp-container-core-columns-is-layout-9d6595d7 wp-block-columns-is-layout-flex\">\n<div class=\"wp-block-column is-layout-flow wp-block-column-is-layout-flow\" style=\"flex-basis:40%\"><\/div>\n\n\n\n<div class=\"wp-block-column is-layout-flow wp-block-column-is-layout-flow\">\n<div class=\"wp-block-buttons is-layout-flex wp-block-buttons-is-layout-flex\">\n<div class=\"wp-block-button\"><a class=\"wp-block-button__link has-text-color\" href=\"https:\/\/twitteducation.com\/wim\/klimacamp\/\" style=\"border-radius:5px;color:#e7e4da\">Zum Klimacamp <strong>\u279c<\/strong><\/a><\/div>\n<\/div>\n<\/div>\n\n\n\n<div class=\"wp-block-column is-layout-flow wp-block-column-is-layout-flow\" style=\"flex-basis:40%\"><\/div>\n<\/div>\n\n\n\n<div style=\"height:20px\" aria-hidden=\"true\" class=\"wp-block-spacer\"><\/div>\n<\/div><\/div>\n\n\n\n<p><\/p>\n","protected":false},"excerpt":{"rendered":"<p>Das wollen wir erreichen Politiker m\u00fcssen beweisen, dass sie kompetent sind, \u00fcberlebenswichtige Klima-Entscheidungen zu treffen. K\u00fcnftig sollen nur noch kompetente Politiker:innen Entscheidungen treffen d\u00fcrfen, wenn die Entscheidung das Ende der Menschheit bedeuten k\u00f6nnte, derzeit also in der Klimapolitik. Zumindest bei Entscheidungen solcher Reichweite sollten Entscheider:innen auch im Bundestag einen Test machen m\u00fcssen, bevor sie bei [&hellip;]<\/p>\n","protected":false},"author":1,"featured_media":0,"parent":0,"menu_order":0,"comment_status":"closed","ping_status":"closed","template":"","meta":{"ocean_post_layout":"","ocean_both_sidebars_style":"","ocean_both_sidebars_content_width":0,"ocean_both_sidebars_sidebars_width":0,"ocean_sidebar":"0","ocean_second_sidebar":"0","ocean_disable_margins":"enable","ocean_add_body_class":"","ocean_shortcode_before_top_bar":"","ocean_shortcode_after_top_bar":"","ocean_shortcode_before_header":"","ocean_shortcode_after_header":"","ocean_has_shortcode":"","ocean_shortcode_after_title":"","ocean_shortcode_before_footer_widgets":"","ocean_shortcode_after_footer_widgets":"","ocean_shortcode_before_footer_bottom":"","ocean_shortcode_after_footer_bottom":"","ocean_display_top_bar":"default","ocean_display_header":"default","ocean_header_style":"","ocean_center_header_left_menu":"0","ocean_custom_header_template":"0","ocean_custom_logo":0,"ocean_custom_retina_logo":0,"ocean_custom_logo_max_width":0,"ocean_custom_logo_tablet_max_width":0,"ocean_custom_logo_mobile_max_width":0,"ocean_custom_logo_max_height":0,"ocean_custom_logo_tablet_max_height":0,"ocean_custom_logo_mobile_max_height":0,"ocean_header_custom_menu":"0","ocean_menu_typo_font_family":"0","ocean_menu_typo_font_subset":"","ocean_menu_typo_font_size":0,"ocean_menu_typo_font_size_tablet":0,"ocean_menu_typo_font_size_mobile":0,"ocean_menu_typo_font_size_unit":"px","ocean_menu_typo_font_weight":"","ocean_menu_typo_font_weight_tablet":"","ocean_menu_typo_font_weight_mobile":"","ocean_menu_typo_transform":"","ocean_menu_typo_transform_tablet":"","ocean_menu_typo_transform_mobile":"","ocean_menu_typo_line_height":0,"ocean_menu_typo_line_height_tablet":0,"ocean_menu_typo_line_height_mobile":0,"ocean_menu_typo_line_height_unit":"","ocean_menu_typo_spacing":0,"ocean_menu_typo_spacing_tablet":0,"ocean_menu_typo_spacing_mobile":0,"ocean_menu_typo_spacing_unit":"","ocean_menu_link_color":"","ocean_menu_link_color_hover":"","ocean_menu_link_color_active":"","ocean_menu_link_background":"","ocean_menu_link_hover_background":"","ocean_menu_link_active_background":"","ocean_menu_social_links_bg":"","ocean_menu_social_hover_links_bg":"","ocean_menu_social_links_color":"","ocean_menu_social_hover_links_color":"","ocean_disable_title":"default","ocean_disable_heading":"default","ocean_post_title":"","ocean_post_subheading":"","ocean_post_title_style":"","ocean_post_title_background_color":"","ocean_post_title_background":0,"ocean_post_title_bg_image_position":"","ocean_post_title_bg_image_attachment":"","ocean_post_title_bg_image_repeat":"","ocean_post_title_bg_image_size":"","ocean_post_title_height":0,"ocean_post_title_bg_overlay":0.5,"ocean_post_title_bg_overlay_color":"","ocean_disable_breadcrumbs":"default","ocean_breadcrumbs_color":"","ocean_breadcrumbs_separator_color":"","ocean_breadcrumbs_links_color":"","ocean_breadcrumbs_links_hover_color":"","ocean_display_footer_widgets":"default","ocean_display_footer_bottom":"default","ocean_custom_footer_template":"0","footnotes":""},"class_list":["post-178","page","type-page","status-publish","hentry","entry"],"_links":{"self":[{"href":"https:\/\/twitteducation.com\/wim\/wp-json\/wp\/v2\/pages\/178","targetHints":{"allow":["GET"]}}],"collection":[{"href":"https:\/\/twitteducation.com\/wim\/wp-json\/wp\/v2\/pages"}],"about":[{"href":"https:\/\/twitteducation.com\/wim\/wp-json\/wp\/v2\/types\/page"}],"author":[{"embeddable":true,"href":"https:\/\/twitteducation.com\/wim\/wp-json\/wp\/v2\/users\/1"}],"replies":[{"embeddable":true,"href":"https:\/\/twitteducation.com\/wim\/wp-json\/wp\/v2\/comments?post=178"}],"version-history":[{"count":7,"href":"https:\/\/twitteducation.com\/wim\/wp-json\/wp\/v2\/pages\/178\/revisions"}],"predecessor-version":[{"id":1279,"href":"https:\/\/twitteducation.com\/wim\/wp-json\/wp\/v2\/pages\/178\/revisions\/1279"}],"wp:attachment":[{"href":"https:\/\/twitteducation.com\/wim\/wp-json\/wp\/v2\/media?parent=178"}],"curies":[{"name":"wp","href":"https:\/\/api.w.org\/{rel}","templated":true}]}}